{"id":23080,"date":"2025-11-25T08:38:47","date_gmt":"2025-11-25T07:38:47","guid":{"rendered":"https:\/\/thunderhosting.com\/mentions-legales\/"},"modified":"2026-05-12T20:24:41","modified_gmt":"2026-05-12T18:24:41","slug":"mentions-legales","status":"publish","type":"page","link":"https:\/\/thunderhosting.com\/fr\/mentions-legales\/","title":{"rendered":"Mentions l\u00e9gales"},"content":{"rendered":"\t\t<div data-elementor-type=\"wp-page\" data-elementor-id=\"23080\" class=\"elementor elementor-23080 elementor-21159\" data-elementor-post-type=\"page\">\n\t\t\t\t<div class=\"elementor-element elementor-element-2bafcd46 e-flex e-con-boxed e-con e-parent\" data-id=\"2bafcd46\" data-element_type=\"container\" data-e-type=\"container\" data-settings=\"{&quot;background_background&quot;:&quot;classic&quot;}\">\n\t\t\t\t\t<div class=\"e-con-inner\">\n\t\t<div class=\"elementor-element elementor-element-2aa9fbe1 e-con-full e-flex e-con e-child\" data-id=\"2aa9fbe1\" data-element_type=\"container\" data-e-type=\"container\">\n\t\t<div class=\"elementor-element elementor-element-ba28da3 e-con-full e-flex e-con e-child\" data-id=\"ba28da3\" data-element_type=\"container\" data-e-type=\"container\">\n\t\t<div class=\"elementor-element elementor-element-2bc09337 e-con-full e-flex e-con e-child\" data-id=\"2bc09337\" data-element_type=\"container\" data-e-type=\"container\">\n\t\t\t\t<div class=\"elementor-element elementor-element-4531e6cc elementor-widget elementor-widget-hostim-heading\" data-id=\"4531e6cc\" data-element_type=\"widget\" data-e-type=\"widget\" data-widget_type=\"hostim-heading.default\">\n\t\t\t\t<div class=\"elementor-widget-container\">\n\t\t\t\t\t\t\t<div class=\"hm2-section-title\">\r\n\t\t\t<h2 class=\"hm2-title hostim_heading\">ThunderHosting GmbH<br \/>\nGentilino, Tessin, Suisse<br \/>\n<mark>Conditions g\u00e9n\u00e9rales et conditions d\u2019utilisation<\/mark><\/h2>\t\t<\/div>\r\n\r\n\t\t\t\t\t\t<\/div>\n\t\t\t\t<\/div>\n\t\t\t\t<\/div>\n\t\t<div class=\"elementor-element elementor-element-1b9308a9 e-con-full e-flex e-con e-child\" data-id=\"1b9308a9\" data-element_type=\"container\" data-e-type=\"container\">\n\t\t\t\t<div class=\"elementor-element elementor-element-5365a5da elementor-widget elementor-widget-heading\" data-id=\"5365a5da\" data-element_type=\"widget\" data-e-type=\"widget\" data-widget_type=\"heading.default\">\n\t\t\t\t<div class=\"elementor-widget-container\">\n\t\t\t\t\t<p class=\"elementor-heading-title elementor-size-default\">Retrouvez l\u2019ensemble des conditions g\u00e9n\u00e9rales de nos services, la mani\u00e8re dont nous traitons les donn\u00e9es et nos coordonn\u00e9es. Y compris notre politique de confidentialit\u00e9 relative au traitement des donn\u00e9es, les conditions de paiement, et plus encore. <\/p>\t\t\t\t<\/div>\n\t\t\t\t<\/div>\n\t\t\t\t<div class=\"elementor-element elementor-element-4c5c0c59 elementor-widget__width-auto elementor-widget-divider--view-line elementor-widget elementor-widget-divider\" data-id=\"4c5c0c59\" data-element_type=\"widget\" data-e-type=\"widget\" data-widget_type=\"divider.default\">\n\t\t\t\t<div class=\"elementor-widget-container\">\n\t\t\t\t\t\t\t<div class=\"elementor-divider\">\n\t\t\t<span class=\"elementor-divider-separator\">\n\t\t\t\t\t\t<\/span>\n\t\t<\/div>\n\t\t\t\t\t\t<\/div>\n\t\t\t\t<\/div>\n\t\t\t\t<\/div>\n\t\t\t\t<\/div>\n\t\t<div class=\"elementor-element elementor-element-79a18cc2 e-con-full e-flex e-con e-child\" data-id=\"79a18cc2\" data-element_type=\"container\" data-e-type=\"container\">\n\t\t<div class=\"elementor-element elementor-element-844f79e e-con-full e-flex e-con e-child\" data-id=\"844f79e\" data-element_type=\"container\" data-e-type=\"container\">\n\t\t\t\t<div class=\"elementor-element elementor-element-2f01030b elementor-widget elementor-widget-hostim-features\" data-id=\"2f01030b\" data-element_type=\"widget\" data-e-type=\"widget\" data-widget_type=\"hostim-features.default\">\n\t\t\t\t<div class=\"elementor-widget-container\">\n\t\t\t\t\t<section class=\"hm2-feature-area position-relative feature_section__\">\r\n    <div class=\"container position-relative\">\r\n        \r\n        <div class=\"row g-4 justify-content-center\">\r\n                                    <div class=\"col-xl-3 col-lg-4 col-md-6\">\r\n                            <div class=\"hm2-feature-card deep-shadow rounded-5 item-features_box_shadow\">\r\n                                <span class=\"icon-wrapper d-flex align-items-center justify-content-center rounded-circle\">\r\n                                    <svg aria-hidden=\"true\" class=\"e-font-icon-svg e-fas-lock\" viewBox=\"0 0 448 512\" xmlns=\"http:\/\/www.w3.org\/2000\/svg\"><path d=\"M400 224h-24v-72C376 68.2 307.8 0 224 0S72 68.2 72 152v72H48c-26.5 0-48 21.5-48 48v192c0 26.5 21.5 48 48 48h352c26.5 0 48-21.5 48-48V272c0-26.5-21.5-48-48-48zm-104 0H152v-72c0-39.7 32.3-72 72-72s72 32.3 72 72v72z\"><\/path><\/svg>                                <\/span>\r\n                            \r\n                                <h3 class=\"h4 mt-4 feature_title_\">Conditions g\u00e9n\u00e9rales<\/h3><p class=\"mt-3 feature_content_\">Vous trouverez ici nos conditions g\u00e9n\u00e9rales pour la plupart de nos services, y compris les conditions de paiement, la politique de remboursement et les accords de niveau de service.<\/p><a href=\"https:\/\/thunderhosting.com\/legal\/terms-and-conditions\/\" class=\"mt-2 d-inline-block rounded-circle text-center position-relative overflow-hidden\"><i class=\"fa-solid fa-arrow-right\"><\/i><\/a>                                                                        \r\n                            <\/div>\r\n                        <\/div>\r\n                                                <div class=\"col-xl-3 col-lg-4 col-md-6\">\r\n                            <div class=\"hm2-feature-card deep-shadow rounded-5 item-features_box_shadow\">\r\n                                <span class=\"icon-wrapper d-flex align-items-center justify-content-center rounded-circle\">\r\n                                    <svg aria-hidden=\"true\" class=\"e-font-icon-svg e-fas-money-check\" viewBox=\"0 0 640 512\" xmlns=\"http:\/\/www.w3.org\/2000\/svg\"><path d=\"M0 448c0 17.67 14.33 32 32 32h576c17.67 0 32-14.33 32-32V128H0v320zm448-208c0-8.84 7.16-16 16-16h96c8.84 0 16 7.16 16 16v32c0 8.84-7.16 16-16 16h-96c-8.84 0-16-7.16-16-16v-32zm0 120c0-4.42 3.58-8 8-8h112c4.42 0 8 3.58 8 8v16c0 4.42-3.58 8-8 8H456c-4.42 0-8-3.58-8-8v-16zM64 264c0-4.42 3.58-8 8-8h304c4.42 0 8 3.58 8 8v16c0 4.42-3.58 8-8 8H72c-4.42 0-8-3.58-8-8v-16zm0 96c0-4.42 3.58-8 8-8h176c4.42 0 8 3.58 8 8v16c0 4.42-3.58 8-8 8H72c-4.42 0-8-3.58-8-8v-16zM624 32H16C7.16 32 0 39.16 0 48v48h640V48c0-8.84-7.16-16-16-16z\"><\/path><\/svg>                                <\/span>\r\n                            \r\n                                <h3 class=\"h4 mt-4 feature_title_\">Politique de confidentialit\u00e9<\/h3><p class=\"mt-3 feature_content_\">Vous trouverez ici notre politique g\u00e9n\u00e9rale de confidentialit\u00e9, y compris la mani\u00e8re dont nous traitons vos donn\u00e9es personnelles et vos droits sur vos donn\u00e9es.<\/p><a href=\"https:\/\/thunderhosting.com\/fr\/mentions-legales\/politique-de-confidentialite\/\" class=\"mt-2 d-inline-block rounded-circle text-center position-relative overflow-hidden\"><i class=\"fa-solid fa-arrow-right\"><\/i><\/a>                                                                        \r\n                            <\/div>\r\n                        <\/div>\r\n                                                <div class=\"col-xl-3 col-lg-4 col-md-6\">\r\n                            <div class=\"hm2-feature-card deep-shadow rounded-5 item-features_box_shadow\">\r\n                                <span class=\"icon-wrapper d-flex align-items-center justify-content-center rounded-circle\">\r\n                                    <svg aria-hidden=\"true\" class=\"e-font-icon-svg e-far-address-book\" viewBox=\"0 0 448 512\" xmlns=\"http:\/\/www.w3.org\/2000\/svg\"><path d=\"M436 160c6.6 0 12-5.4 12-12v-40c0-6.6-5.4-12-12-12h-20V48c0-26.5-21.5-48-48-48H48C21.5 0 0 21.5 0 48v416c0 26.5 21.5 48 48 48h320c26.5 0 48-21.5 48-48v-48h20c6.6 0 12-5.4 12-12v-40c0-6.6-5.4-12-12-12h-20v-64h20c6.6 0 12-5.4 12-12v-40c0-6.6-5.4-12-12-12h-20v-64h20zm-68 304H48V48h320v416zM208 256c35.3 0 64-28.7 64-64s-28.7-64-64-64-64 28.7-64 64 28.7 64 64 64zm-89.6 128h179.2c12.4 0 22.4-8.6 22.4-19.2v-19.2c0-31.8-30.1-57.6-67.2-57.6-10.8 0-18.7 8-44.8 8-26.9 0-33.4-8-44.8-8-37.1 0-67.2 25.8-67.2 57.6v19.2c0 10.6 10 19.2 22.4 19.2z\"><\/path><\/svg>                                <\/span>\r\n                            \r\n                                <h3 class=\"h4 mt-4 feature_title_\">Contact<\/h3><p class=\"mt-3 feature_content_\">Retrouvez nos coordonn\u00e9es compl\u00e8tes ainsi que l\u2019immatriculation de l\u2019entreprise.<\/p><a href=\"https:\/\/thunderhosting.com\/fr\/contact\/\" class=\"mt-2 d-inline-block rounded-circle text-center position-relative overflow-hidden\"><i class=\"fa-solid fa-arrow-right\"><\/i><\/a>                                                                        \r\n                            <\/div>\r\n                        <\/div>\r\n                                    <\/div>\r\n        <img decoding=\"async\" src=\"https:\/\/thunderhosting.com\/wp-content\/uploads\/2025\/11\/feature-triangle.svg\" alt=\"triangle\" class=\"position-absolute ft-triangle\">    <\/div>\r\n    \r\n<\/section>\t\t\t\t<\/div>\n\t\t\t\t<\/div>\n\t\t\t\t<\/div>\n\t\t\t\t<\/div>\n\t\t\t\t<\/div>\n\t\t\t\t\t<\/div>\n\t\t\t\t<\/div>\n\t\t<div class=\"elementor-element elementor-element-4701d97b e-flex e-con-boxed e-con e-parent\" data-id=\"4701d97b\" data-element_type=\"container\" data-e-type=\"container\">\n\t\t\t\t\t<div class=\"e-con-inner\">\n\t\t<div class=\"elementor-element elementor-element-2e672d7d e-con-full e-flex e-con e-child\" data-id=\"2e672d7d\" data-element_type=\"container\" data-e-type=\"container\" data-settings=\"{&quot;background_background&quot;:&quot;classic&quot;}\">\n\t\t\t\t<div class=\"elementor-element elementor-element-29ea1814 elementor-widget elementor-widget-heading\" data-id=\"29ea1814\" data-element_type=\"widget\" data-e-type=\"widget\" data-widget_type=\"heading.default\">\n\t\t\t\t<div class=\"elementor-widget-container\">\n\t\t\t\t\t<h2 class=\"elementor-heading-title elementor-size-default\">Des questions&nbsp;?<\/h2>\t\t\t\t<\/div>\n\t\t\t\t<\/div>\n\t\t\t\t<div class=\"elementor-element elementor-element-160a9289 elementor-widget elementor-widget-heading\" data-id=\"160a9289\" data-element_type=\"widget\" data-e-type=\"widget\" data-widget_type=\"heading.default\">\n\t\t\t\t<div class=\"elementor-widget-container\">\n\t\t\t\t\t<p class=\"elementor-heading-title elementor-size-default\">Nous sommes l\u00e0 pour vous, pour toute question que vous pourriez avoir<\/p>\t\t\t\t<\/div>\n\t\t\t\t<\/div>\n\t\t\t\t<div class=\"elementor-element elementor-element-17c3971d elementor-widget elementor-widget-heading\" data-id=\"17c3971d\" data-element_type=\"widget\" data-e-type=\"widget\" data-widget_type=\"heading.default\">\n\t\t\t\t<div class=\"elementor-widget-container\">\n\t\t\t\t\t<span class=\"elementor-heading-title elementor-size-default\"><a href=\"mailto:info@thunderhosting.com\">info@thunderhosting.com<\/a><\/span>\t\t\t\t<\/div>\n\t\t\t\t<\/div>\n\t\t\t\t<div class=\"elementor-element elementor-element-4c340152 elementor-widget elementor-widget-button\" data-id=\"4c340152\" data-element_type=\"widget\" data-e-type=\"widget\" data-widget_type=\"button.default\">\n\t\t\t\t<div class=\"elementor-widget-container\">\n\t\t\t\t\t\t\t\t\t<div class=\"elementor-button-wrapper\">\n\t\t\t\t\t<a class=\"elementor-button elementor-button-link elementor-size-sm\" href=\"https:\/\/thunderhosting.com\/fr\/contact\/\">\n\t\t\t\t\t\t<span class=\"elementor-button-content-wrapper\">\n\t\t\t\t\t\t<span class=\"elementor-button-icon\">\n\t\t\t\t<svg aria-hidden=\"true\" class=\"e-font-icon-svg e-fas-comments\" viewBox=\"0 0 576 512\" xmlns=\"http:\/\/www.w3.org\/2000\/svg\"><path d=\"M416 192c0-88.4-93.1-160-208-160S0 103.6 0 192c0 34.3 14.1 65.9 38 92-13.4 30.2-35.5 54.2-35.8 54.5-2.2 2.3-2.8 5.7-1.5 8.7S4.8 352 8 352c36.6 0 66.9-12.3 88.7-25 32.2 15.7 70.3 25 111.3 25 114.9 0 208-71.6 208-160zm122 220c23.9-26 38-57.7 38-92 0-66.9-53.5-124.2-129.3-148.1.9 6.6 1.3 13.3 1.3 20.1 0 105.9-107.7 192-240 192-10.8 0-21.3-.8-31.7-1.9C207.8 439.6 281.8 480 368 480c41 0 79.1-9.2 111.3-25 21.8 12.7 52.1 25 88.7 25 3.2 0 6.1-1.9 7.3-4.8 1.3-2.9.7-6.3-1.5-8.7-.3-.3-22.4-24.2-35.8-54.5z\"><\/path><\/svg>\t\t\t<\/span>\n\t\t\t\t\t\t\t\t\t<span class=\"elementor-button-text\">Contactez-nous<\/span>\n\t\t\t\t\t<\/span>\n\t\t\t\t\t<\/a>\n\t\t\t\t<\/div>\n\t\t\t\t\t\t\t\t<\/div>\n\t\t\t\t<\/div>\n\t\t\t\t<div class=\"elementor-element elementor-element-5e0e69d0 elementor-absolute elementor-hidden-mobile elementor-widget elementor-widget-image\" data-id=\"5e0e69d0\" data-element_type=\"widget\" data-e-type=\"widget\" data-settings=\"{&quot;_position&quot;:&quot;absolute&quot;}\" data-widget_type=\"image.default\">\n\t\t\t\t<div class=\"elementor-widget-container\">\n\t\t\t\t\t\t\t\t\t\t\t\t\t\t\t<img fetchpriority=\"high\" decoding=\"async\" width=\"749\" height=\"558\" src=\"https:\/\/thunderhosting.com\/wp-content\/uploads\/2025\/11\/img-3.png\" class=\"attachment-full size-full wp-image-23082\" alt=\"\" srcset=\"https:\/\/thunderhosting.com\/wp-content\/uploads\/2025\/11\/img-3.png 749w, https:\/\/thunderhosting.com\/wp-content\/uploads\/2025\/11\/img-3-300x223.png 300w\" sizes=\"(max-width: 749px) 100vw, 749px\" \/>\t\t\t\t\t\t\t\t\t\t\t\t\t\t\t<\/div>\n\t\t\t\t<\/div>\n\t\t\t\t<\/div>\n\t\t\t\t\t<\/div>\n\t\t\t\t<\/div>\n\t\t\t\t<\/div>\n\t\t","protected":false},"excerpt":{"rendered":"<p>ThunderHosting GmbH Gentilino, Tessin, Suisse Conditions g\u00e9n\u00e9rales et conditions d\u2019utilisation Retrouvez l\u2019ensemble des conditions g\u00e9n\u00e9rales de nos services, la mani\u00e8re dont nous traitons les donn\u00e9es et nos coordonn\u00e9es. Y compris notre politique de confidentialit\u00e9 relative au traitement des donn\u00e9es, les conditions de paiement, et plus encore. Conditions g\u00e9n\u00e9rales Vous trouverez ici nos conditions g\u00e9n\u00e9rales pour [&hellip;]<\/p>\n","protected":false},"author":3,"featured_media":0,"parent":0,"menu_order":0,"comment_status":"closed","ping_status":"closed","template":"elementor_header_footer","meta":{"footnotes":""},"class_list":["post-23080","page","type-page","status-publish","hentry"],"_links":{"self":[{"href":"https:\/\/thunderhosting.com\/fr\/wp-json\/wp\/v2\/pages\/23080","targetHints":{"allow":["GET"]}}],"collection":[{"href":"https:\/\/thunderhosting.com\/fr\/wp-json\/wp\/v2\/pages"}],"about":[{"href":"https:\/\/thunderhosting.com\/fr\/wp-json\/wp\/v2\/types\/page"}],"author":[{"embeddable":true,"href":"https:\/\/thunderhosting.com\/fr\/wp-json\/wp\/v2\/users\/3"}],"replies":[{"embeddable":true,"href":"https:\/\/thunderhosting.com\/fr\/wp-json\/wp\/v2\/comments?post=23080"}],"version-history":[{"count":1,"href":"https:\/\/thunderhosting.com\/fr\/wp-json\/wp\/v2\/pages\/23080\/revisions"}],"predecessor-version":[{"id":23083,"href":"https:\/\/thunderhosting.com\/fr\/wp-json\/wp\/v2\/pages\/23080\/revisions\/23083"}],"wp:attachment":[{"href":"https:\/\/thunderhosting.com\/fr\/wp-json\/wp\/v2\/media?parent=23080"}],"curies":[{"name":"wp","href":"https:\/\/api.w.org\/{rel}","templated":true}]}}