{"id":21777,"date":"2026-01-15T20:53:17","date_gmt":"2026-01-15T19:53:17","guid":{"rendered":"https:\/\/thunderhosting.com\/politique-de-confidentialite\/"},"modified":"2026-02-09T15:16:48","modified_gmt":"2026-02-09T14:16:48","slug":"politique-de-confidentialite","status":"publish","type":"page","link":"https:\/\/thunderhosting.com\/fr\/politique-de-confidentialite\/","title":{"rendered":"Politique de confidentialit\u00e9"},"content":{"rendered":"\t\t<div data-elementor-type=\"wp-page\" data-elementor-id=\"21777\" class=\"elementor elementor-21777 elementor-21383\" data-elementor-post-type=\"page\">\n\t\t\t\t\t\t<section class=\"elementor-section elementor-top-section elementor-element elementor-element-664b3f31 elementor-section-boxed elementor-section-height-default elementor-section-height-default\" data-id=\"664b3f31\" data-element_type=\"section\" data-e-type=\"section\">\n\t\t\t\t\t\t<div class=\"elementor-container elementor-column-gap-default\">\n\t\t\t<div class=\"border_line border_line_column_40e555b9\"><\/div>\t\t<div class=\"elementor-column elementor-col-100 elementor-top-column elementor-element elementor-element-40e555b9\" data-id=\"40e555b9\" data-element_type=\"column\" data-e-type=\"column\">\n\t\t\t<div class=\"elementor-widget-wrap elementor-element-populated\">\n\t\t\t\t\t\t<div class=\"elementor-element elementor-element-58c42688 elementor-widget elementor-widget-text-editor\" data-id=\"58c42688\" data-element_type=\"widget\" data-e-type=\"widget\" data-widget_type=\"text-editor.default\">\n\t\t\t\t<div class=\"elementor-widget-container\">\n\t\t\t\t\t\t\t\t\t<h2 data-start=\"389\" data-end=\"408\">Politique de confidentialit\u00e9<\/h2><p data-start=\"409\" data-end=\"432\"><strong data-start=\"409\" data-end=\"432\">ThunderHosting GmbH<\/strong><\/p><p data-start=\"434\" data-end=\"468\"><strong data-start=\"434\" data-end=\"468\">Derni\u00e8re mise \u00e0 jour : 23 octobre 2025<\/strong><\/p><h3 data-start=\"470\" data-end=\"496\">1. Informations g\u00e9n\u00e9rales<\/h3><p data-start=\"498\" data-end=\"752\">ThunderHosting GmbH (\u00ab ThunderHosting \u00bb, \u00ab nous \u00bb, \u00ab notre \u00bb, \u00ab nos \u00bb) prend la protection des donn\u00e9es personnelles tr\u00e8s au s\u00e9rieux.<br data-start=\"604\" data-end=\"607\">Cette politique de confidentialit\u00e9 explique comment nous collectons, traitons, stockons et prot\u00e9geons les donn\u00e9es personnelles en relation avec nos produits et services (\u00ab Services \u00bb).<\/p><p data-start=\"754\" data-end=\"798\">Nous traitons les donn\u00e9es personnelles conform\u00e9ment \u00e0 :<\/p><ul data-start=\"799\" data-end=\"918\"><li data-start=\"799\" data-end=\"853\"><p data-start=\"801\" data-end=\"853\">la loi f\u00e9d\u00e9rale suisse sur la protection des donn\u00e9es (LPD \/ revDSG)<\/p><\/li><li data-start=\"854\" data-end=\"918\"><p data-start=\"856\" data-end=\"918\">au r\u00e8glement g\u00e9n\u00e9ral de l&rsquo;UE sur la protection des donn\u00e9es (RGPD), le cas \u00e9ch\u00e9ant<\/p><\/li><\/ul><p data-start=\"920\" data-end=\"992\">En utilisant nos Services, vous reconnaissez et acceptez la pr\u00e9sente politique de confidentialit\u00e9.<\/p><hr data-start=\"994\" data-end=\"997\"><h3 data-start=\"999\" data-end=\"1021\">2. Responsable du traitement des donn\u00e9es<\/h3><p data-start=\"1023\" data-end=\"1078\">Le responsable du traitement des donn\u00e9es est :<\/p><p data-start=\"1080\" data-end=\"1214\"><strong data-start=\"1080\" data-end=\"1103\">ThunderHosting GmbH<\/strong><br data-start=\"1103\" data-end=\"1106\">Suisse<br data-start=\"1117\" data-end=\"1120\">Juridiction l\u00e9gale exclusivement au <strong data-start=\"1154\" data-end=\"1177\">Tessin, Suisse<\/strong><br data-start=\"1177\" data-end=\"1180\">Courriel : <strong data-start=\"1187\" data-end=\"1214\"><a class=\"decorated-link cursor-pointer\" rel=\"noopener\" data-start=\"1189\" data-end=\"1212\">info@thunderhosting.com<\/a><\/strong><\/p><hr data-start=\"1216\" data-end=\"1219\"><h3 data-start=\"1221\" data-end=\"1252\">3. Types de donn\u00e9es que nous traitons<\/h3><p data-start=\"1254\" data-end=\"1334\">Selon les Services utilis\u00e9s, nous pouvons traiter les cat\u00e9gories de donn\u00e9es suivantes :<\/p><ul data-start=\"1336\" data-end=\"1773\"><li data-start=\"1336\" data-end=\"1398\"><p data-start=\"1338\" data-end=\"1398\"><strong data-start=\"1338\" data-end=\"1361\">Donn\u00e9es d&rsquo;identification<\/strong> : nom, nom de l&rsquo;entreprise, adresse de facturation<\/p><\/li><li data-start=\"1399\" data-end=\"1446\"><p data-start=\"1401\" data-end=\"1446\"><strong data-start=\"1401\" data-end=\"1417\">Donn\u00e9es de contact<\/strong> : adresse \u00e9lectronique, num\u00e9ro de t\u00e9l\u00e9phone<\/p><\/li><li data-start=\"1447\" data-end=\"1497\"><p data-start=\"1449\" data-end=\"1497\"><strong data-start=\"1449\" data-end=\"1465\">Donn\u00e9es de compte<\/strong> : noms d&rsquo;utilisateur, identifiants de service<\/p><\/li><li data-start=\"1498\" data-end=\"1613\"><p data-start=\"1500\" data-end=\"1613\"><strong data-start=\"1500\" data-end=\"1528\">Donn\u00e9es de facturation et de paiement<\/strong> : factures, r\u00e9f\u00e9rences de transaction (les d\u00e9tails de paiement sont g\u00e9r\u00e9s par les fournisseurs de paiement)<\/p><\/li><li data-start=\"1614\" data-end=\"1683\"><p data-start=\"1616\" data-end=\"1683\"><strong data-start=\"1616\" data-end=\"1634\">Donn\u00e9es techniques<\/strong> : adresses IP, journaux, horodatages, donn\u00e9es de l&rsquo;agent utilisateur<\/p><\/li><li data-start=\"1684\" data-end=\"1773\"><p data-start=\"1686\" data-end=\"1773\"><strong data-start=\"1686\" data-end=\"1702\">Donn\u00e9es de service<\/strong> : contenu h\u00e9berg\u00e9, configurations, sauvegardes (dans le cadre des services d&rsquo;h\u00e9bergement)<\/p><\/li><\/ul><p data-start=\"1775\" data-end=\"1871\">Nous ne collectons <strong data-start=\"1781\" data-end=\"1788\">pas<\/strong> intentionnellement de cat\u00e9gories particuli\u00e8res de donn\u00e9es personnelles, sauf si la loi l&rsquo;exige.<\/p><hr data-start=\"1873\" data-end=\"1876\"><h3 data-start=\"1878\" data-end=\"1911\">4. Finalit\u00e9 du traitement des donn\u00e9es<\/h3><p data-start=\"1913\" data-end=\"1991\">Les donn\u00e9es personnelles sont trait\u00e9es uniquement \u00e0 des fins commerciales l\u00e9gitimes, notamment :<\/p><ul data-start=\"1993\" data-end=\"2222\"><li data-start=\"1993\" data-end=\"2045\"><p data-start=\"1995\" data-end=\"2045\">Fournir, exploiter et maintenir nos Services<\/p><\/li><li data-start=\"2046\" data-end=\"2087\"><p data-start=\"2048\" data-end=\"2087\">Gestion de compte et assistance client\u00e8le<\/p><\/li><li data-start=\"2088\" data-end=\"2136\"><p data-start=\"2090\" data-end=\"2136\">Obligations de facturation, de comptabilit\u00e9 et de facturation<\/p><\/li><li data-start=\"2137\" data-end=\"2188\"><p data-start=\"2139\" data-end=\"2188\">S\u00e9curit\u00e9, pr\u00e9vention des abus et surveillance du syst\u00e8me<\/p><\/li><li data-start=\"2189\" data-end=\"2222\"><p data-start=\"2191\" data-end=\"2222\">Conformit\u00e9 l\u00e9gale et r\u00e9glementaire<\/p><\/li><\/ul><p data-start=\"2224\" data-end=\"2298\">Les donn\u00e9es ne sont jamais trait\u00e9es \u00e0 des fins incompatibles avec celles \u00e9num\u00e9r\u00e9es ci-dessus.<\/p><hr data-start=\"2300\" data-end=\"2303\"><h3 data-start=\"2305\" data-end=\"2337\">5. Stockage et emplacement des donn\u00e9es<\/h3><ul data-start=\"2339\" data-end=\"2636\"><li data-start=\"2339\" data-end=\"2430\"><p data-start=\"2341\" data-end=\"2430\">Les donn\u00e9es personnelles sont stock\u00e9es et trait\u00e9es <strong data-start=\"2379\" data-end=\"2430\">principalement en Suisse et dans l&rsquo;Union europ\u00e9enne<\/strong><\/p><\/li><li data-start=\"2431\" data-end=\"2636\"><p data-start=\"2433\" data-end=\"2517\">Certaines donn\u00e9es peuvent \u00eatre <strong data-start=\"2453\" data-end=\"2509\">temporairement stock\u00e9es ou achemin\u00e9es via d&rsquo;autres pays<\/strong> en raison de :<\/p><ul data-start=\"2520\" data-end=\"2636\"><li data-start=\"2520\" data-end=\"2553\"><p data-start=\"2522\" data-end=\"2553\">R\u00e9seaux de diffusion de contenu (CDN)<\/p><\/li><li data-start=\"2556\" data-end=\"2573\"><p data-start=\"2558\" data-end=\"2573\">Protection DDoS<\/p><\/li><li data-start=\"2576\" data-end=\"2607\"><p data-start=\"2578\" data-end=\"2607\">Syst\u00e8mes de sauvegarde et de redondance<\/p><\/li><li data-start=\"2610\" data-end=\"2636\"><p data-start=\"2612\" data-end=\"2636\">Fournisseurs d&rsquo;infrastructure<\/p><\/li><\/ul><\/li><\/ul><p data-start=\"2638\" data-end=\"2760\">Cela s&rsquo;applique en particulier aux services tels que <strong data-start=\"2685\" data-end=\"2699\">Cloudflare<\/strong>, aux fournisseurs de sauvegarde et aux partenaires d&rsquo;h\u00e9bergement ou de r\u00e9seau en amont.<\/p><p data-start=\"2762\" data-end=\"2844\">Des mesures de protection appropri\u00e9es sont appliqu\u00e9es pour assurer un niveau ad\u00e9quat de protection des donn\u00e9es.<\/p><hr data-start=\"2846\" data-end=\"2849\"><h3 data-start=\"2851\" data-end=\"2885\">6. Utilisation de services tiers<\/h3><p data-start=\"2887\" data-end=\"2983\">Nous pouvons faire appel \u00e0 des fournisseurs tiers de confiance lorsque cela est n\u00e9cessaire pour fournir nos Services, notamment :<\/p><ul data-start=\"2985\" data-end=\"3118\"><li data-start=\"2985\" data-end=\"3005\"><p data-start=\"2987\" data-end=\"3005\">Processeurs de paiement<\/p><\/li><li data-start=\"3006\" data-end=\"3033\"><p data-start=\"3008\" data-end=\"3033\">Bureaux d&rsquo;enregistrement de DNS et de domaines<\/p><\/li><li data-start=\"3034\" data-end=\"3080\"><p data-start=\"3036\" data-end=\"3080\">Fournisseurs de CDN et de s\u00e9curit\u00e9 (par exemple, Cloudflare)<\/p><\/li><li data-start=\"3081\" data-end=\"3118\"><p data-start=\"3083\" data-end=\"3118\">Fournisseurs d&rsquo;infrastructure et de sauvegarde<\/p><\/li><\/ul><p data-start=\"3120\" data-end=\"3279\">Les tiers ne re\u00e7oivent que les donn\u00e9es strictement n\u00e9cessaires \u00e0 l&rsquo;exercice de leurs fonctions et sont contractuellement tenus de se conformer aux lois applicables en mati\u00e8re de protection des donn\u00e9es.<\/p><hr data-start=\"3281\" data-end=\"3284\"><h3 data-start=\"3286\" data-end=\"3320\">7. Partage et divulgation des donn\u00e9es<\/h3><p data-start=\"3322\" data-end=\"3362\">Les donn\u00e9es personnelles ne sont <strong data-start=\"3339\" data-end=\"3361\">pas vendues ou lou\u00e9es<\/strong>.<\/p><p data-start=\"3364\" data-end=\"3391\">Les donn\u00e9es peuvent \u00eatre divulgu\u00e9es uniquement :<\/p><ul data-start=\"3392\" data-end=\"3560\"><li data-start=\"3392\" data-end=\"3441\"><p data-start=\"3394\" data-end=\"3441\">Lorsque cela est n\u00e9cessaire pour fournir les Services demand\u00e9s<\/p><\/li><li data-start=\"3442\" data-end=\"3492\"><p data-start=\"3444\" data-end=\"3492\">Lorsque la loi l&rsquo;exige par les autorit\u00e9s suisses ou europ\u00e9ennes<\/p><\/li><li data-start=\"3493\" data-end=\"3560\"><p data-start=\"3495\" data-end=\"3560\">Lorsque cela est n\u00e9cessaire pour prot\u00e9ger nos droits l\u00e9gaux, nos syst\u00e8mes ou nos clients<\/p><\/li><\/ul><hr data-start=\"3562\" data-end=\"3565\"><h3 data-start=\"3567\" data-end=\"3588\">8. Conservation des donn\u00e9es<\/h3><p data-start=\"3590\" data-end=\"3646\">Les donn\u00e9es personnelles ne sont conserv\u00e9es que le temps n\u00e9cessaire :<\/p><ul data-start=\"3648\" data-end=\"3765\"><li data-start=\"3648\" data-end=\"3673\"><p data-start=\"3650\" data-end=\"3673\">Pour fournir les Services<\/p><\/li><li data-start=\"3674\" data-end=\"3722\"><p data-start=\"3676\" data-end=\"3722\">Pour satisfaire aux obligations l\u00e9gales, fiscales et comptables<\/p><\/li><li data-start=\"3723\" data-end=\"3765\"><p data-start=\"3725\" data-end=\"3765\">Pour prot\u00e9ger les int\u00e9r\u00eats commerciaux l\u00e9gitimes<\/p><\/li><\/ul><p data-start=\"3767\" data-end=\"3837\">Une fois que les donn\u00e9es ne sont plus n\u00e9cessaires, elles sont supprim\u00e9es ou anonymis\u00e9es en toute s\u00e9curit\u00e9.<\/p><hr data-start=\"3839\" data-end=\"3842\"><h3 data-start=\"3844\" data-end=\"3866\">9. Droits du client<\/h3><p data-start=\"3868\" data-end=\"3890\">Vous avez le droit de :<\/p><ul data-start=\"3892\" data-end=\"4147\"><li data-start=\"3892\" data-end=\"3930\"><p data-start=\"3894\" data-end=\"3930\">Demander l&rsquo;acc\u00e8s \u00e0 vos donn\u00e9es personnelles<\/p><\/li><li data-start=\"3931\" data-end=\"3970\"><p data-start=\"3933\" data-end=\"3970\">Demander la correction de donn\u00e9es inexactes<\/p><\/li><li data-start=\"3971\" data-end=\"4070\"><p data-start=\"3973\" data-end=\"4070\">Demander la suppression des donn\u00e9es personnelles, <strong data-start=\"4008\" data-end=\"4070\">\u00e0 condition qu&rsquo;elles ne soient pas n\u00e9cessaires pour des raisons l\u00e9gales ou financi\u00e8res<\/strong><\/p><\/li><li data-start=\"4071\" data-end=\"4147\"><p data-start=\"4073\" data-end=\"4147\">S&rsquo;opposer ou restreindre certaines activit\u00e9s de traitement de donn\u00e9es, le cas \u00e9ch\u00e9ant<\/p><\/li><\/ul><p data-start=\"4149\" data-end=\"4217\">Les demandes peuvent \u00eatre soumises par courriel \u00e0 :<br data-start=\"4187\" data-end=\"4190\"><strong data-start=\"4190\" data-end=\"4217\"><a class=\"decorated-link cursor-pointer\" rel=\"noopener\" data-start=\"4192\" data-end=\"4215\">info@thunderhosting.com<\/a><\/strong><\/p><p data-start=\"4219\" data-end=\"4303\">Nous r\u00e9pondrons dans un d\u00e9lai raisonnable et conform\u00e9ment \u00e0 la loi applicable.<\/p><hr data-start=\"4305\" data-end=\"4308\"><h3 data-start=\"4310\" data-end=\"4331\">10. S\u00e9curit\u00e9 des donn\u00e9es<\/h3><p data-start=\"4333\" data-end=\"4427\">Nous appliquons des mesures techniques et organisationnelles raisonnables pour prot\u00e9ger les donn\u00e9es personnelles, notamment :<\/p><ul data-start=\"4429\" data-end=\"4543\"><li data-start=\"4429\" data-end=\"4446\"><p data-start=\"4431\" data-end=\"4446\">Contr\u00f4les d&rsquo;acc\u00e8s<\/p><\/li><li data-start=\"4447\" data-end=\"4485\"><p data-start=\"4449\" data-end=\"4485\">Mesures de s\u00e9curit\u00e9 du r\u00e9seau et du syst\u00e8me<\/p><\/li><li data-start=\"4486\" data-end=\"4510\"><p data-start=\"4488\" data-end=\"4510\">Surveillance et enregistrement<\/p><\/li><li data-start=\"4511\" data-end=\"4543\"><p data-start=\"4513\" data-end=\"4543\">Proc\u00e9dures de sauvegarde et de r\u00e9cup\u00e9ration<\/p><\/li><\/ul><p data-start=\"4545\" data-end=\"4676\">Cependant, aucun syst\u00e8me ne peut garantir une s\u00e9curit\u00e9 absolue, et nous ne pouvons pas \u00e9liminer tous les risques associ\u00e9s \u00e0 la transmission ou au stockage des donn\u00e9es.<\/p><hr data-start=\"4678\" data-end=\"4681\"><h3 data-start=\"4683\" data-end=\"4709\">11. Juridiction l\u00e9gale<\/h3><p data-start=\"4711\" data-end=\"4891\">Toutes les questions li\u00e9es \u00e0 la protection des donn\u00e9es, \u00e0 la confidentialit\u00e9 et \u00e0 la pr\u00e9sente politique de confidentialit\u00e9 sont r\u00e9gies exclusivement par <b>les lois de la Suisse<\/b>.<br data-start=\"4826\" data-end=\"4829\">Le <strong data-start=\"4833\" data-end=\"4863\">seul lieu de juridiction<\/strong> est <strong data-start=\"4867\" data-end=\"4890\">Ticino, Suisse<\/strong>.<\/p><hr data-start=\"4893\" data-end=\"4896\"><h3 data-start=\"4898\" data-end=\"4936\">12. Modifications de la pr\u00e9sente politique de confidentialit\u00e9<\/h3><p data-start=\"4938\" data-end=\"5090\">Nous nous r\u00e9servons le droit de mettre \u00e0 jour cette politique de confidentialit\u00e9 de temps \u00e0 autre.<br data-start=\"4990\" data-end=\"4993\">La version actuelle est toujours publi\u00e9e sur notre site Web et identifi\u00e9e par la date de \u00ab Derni\u00e8re mise \u00e0 jour \u00bb.<\/p><p data-start=\"5092\" data-end=\"5201\">L&rsquo;utilisation continue de nos Services apr\u00e8s l&rsquo;entr\u00e9e en vigueur des modifications constitue l&rsquo;acceptation de la politique de confidentialit\u00e9 r\u00e9vis\u00e9e.<\/p>\t\t\t\t\t\t\t\t<\/div>\n\t\t\t\t<\/div>\n\t\t\t\t\t<\/div>\n\t\t<\/div>\n\t\t\t\t\t<\/div>\n\t\t<\/section>\n\t\t\t\t<\/div>\n\t\t","protected":false},"excerpt":{"rendered":"<p>Politique de confidentialit\u00e9 ThunderHosting GmbH Derni\u00e8re mise \u00e0 jour : 23 octobre 2025 1. Informations g\u00e9n\u00e9rales ThunderHosting GmbH (\u00ab ThunderHosting \u00bb, \u00ab nous \u00bb, \u00ab notre \u00bb, \u00ab nos \u00bb) prend la protection des donn\u00e9es personnelles tr\u00e8s au s\u00e9rieux.Cette politique de confidentialit\u00e9 explique comment nous collectons, traitons, stockons et prot\u00e9geons les donn\u00e9es personnelles en relation [&hellip;]<\/p>\n","protected":false},"author":3,"featured_media":0,"parent":0,"menu_order":0,"comment_status":"closed","ping_status":"closed","template":"elementor_header_footer","meta":{"footnotes":""},"class_list":["post-21777","page","type-page","status-publish","hentry"],"_links":{"self":[{"href":"https:\/\/thunderhosting.com\/fr\/wp-json\/wp\/v2\/pages\/21777","targetHints":{"allow":["GET"]}}],"collection":[{"href":"https:\/\/thunderhosting.com\/fr\/wp-json\/wp\/v2\/pages"}],"about":[{"href":"https:\/\/thunderhosting.com\/fr\/wp-json\/wp\/v2\/types\/page"}],"author":[{"embeddable":true,"href":"https:\/\/thunderhosting.com\/fr\/wp-json\/wp\/v2\/users\/3"}],"replies":[{"embeddable":true,"href":"https:\/\/thunderhosting.com\/fr\/wp-json\/wp\/v2\/comments?post=21777"}],"version-history":[{"count":1,"href":"https:\/\/thunderhosting.com\/fr\/wp-json\/wp\/v2\/pages\/21777\/revisions"}],"predecessor-version":[{"id":21778,"href":"https:\/\/thunderhosting.com\/fr\/wp-json\/wp\/v2\/pages\/21777\/revisions\/21778"}],"wp:attachment":[{"href":"https:\/\/thunderhosting.com\/fr\/wp-json\/wp\/v2\/media?parent=21777"}],"curies":[{"name":"wp","href":"https:\/\/api.w.org\/{rel}","templated":true}]}}