{"id":21744,"date":"2022-08-14T11:12:55","date_gmt":"2022-08-14T09:12:55","guid":{"rendered":"https:\/\/thunderhosting.com\/contact\/"},"modified":"2026-02-09T14:51:53","modified_gmt":"2026-02-09T13:51:53","slug":"contact","status":"publish","type":"page","link":"https:\/\/thunderhosting.com\/fr\/contact\/","title":{"rendered":"Contact"},"content":{"rendered":"\t\t<div data-elementor-type=\"wp-page\" data-elementor-id=\"21744\" class=\"elementor elementor-21744 elementor-1300\" data-elementor-post-type=\"page\">\n\t\t\t\t<div class=\"elementor-element elementor-element-b33f31d e-flex e-con-boxed e-con e-parent\" data-id=\"b33f31d\" data-element_type=\"container\" data-e-type=\"container\" data-settings=\"{&quot;background_background&quot;:&quot;gradient&quot;}\">\n\t\t\t\t\t<div class=\"e-con-inner\">\n\t\t<div class=\"elementor-element elementor-element-554b751 e-con-full e-flex e-con e-child\" data-id=\"554b751\" data-element_type=\"container\" data-e-type=\"container\">\n\t\t\t\t<div class=\"elementor-element elementor-element-283cff9 elementor-widget elementor-widget-heading\" data-id=\"283cff9\" data-element_type=\"widget\" data-e-type=\"widget\" data-widget_type=\"heading.default\">\n\t\t\t\t<div class=\"elementor-widget-container\">\n\t\t\t\t\t<h2 class=\"elementor-heading-title elementor-size-default\">\nNous sommes l\u00e0 pour vous<\/h2>\t\t\t\t<\/div>\n\t\t\t\t<\/div>\n\t\t\t\t<div class=\"elementor-element elementor-element-bf0e518 elementor-widget elementor-widget-heading\" data-id=\"bf0e518\" data-element_type=\"widget\" data-e-type=\"widget\" data-widget_type=\"heading.default\">\n\t\t\t\t<div class=\"elementor-widget-container\">\n\t\t\t\t\t<p class=\"elementor-heading-title elementor-size-default\"><a href=\"#contacts\">Notre \u00e9quipe enthousiaste et flexible se consacre \u00e0 vous offrir une exp\u00e9rience personnalis\u00e9e et adapt\u00e9e \u00e0 vos besoins uniques.<\/a><\/p>\t\t\t\t<\/div>\n\t\t\t\t<\/div>\n\t\t\t\t<div class=\"elementor-element elementor-element-644869e elementor-widget elementor-widget-button\" data-id=\"644869e\" data-element_type=\"widget\" data-e-type=\"widget\" data-widget_type=\"button.default\">\n\t\t\t\t<div class=\"elementor-widget-container\">\n\t\t\t\t\t\t\t\t\t<div class=\"elementor-button-wrapper\">\n\t\t\t\t\t<a class=\"elementor-button elementor-button-link elementor-size-sm\" href=\"#contact\">\n\t\t\t\t\t\t<span class=\"elementor-button-content-wrapper\">\n\t\t\t\t\t\t<span class=\"elementor-button-icon\">\n\t\t\t\t<svg aria-hidden=\"true\" class=\"e-font-icon-svg e-far-comments\" viewBox=\"0 0 576 512\" xmlns=\"http:\/\/www.w3.org\/2000\/svg\"><path d=\"M532 386.2c27.5-27.1 44-61.1 44-98.2 0-80-76.5-146.1-176.2-157.9C368.3 72.5 294.3 32 208 32 93.1 32 0 103.6 0 192c0 37 16.5 71 44 98.2-15.3 30.7-37.3 54.5-37.7 54.9-6.3 6.7-8.1 16.5-4.4 25 3.6 8.5 12 14 21.2 14 53.5 0 96.7-20.2 125.2-38.8 9.2 2.1 18.7 3.7 28.4 4.9C208.1 407.6 281.8 448 368 448c20.8 0 40.8-2.4 59.8-6.8C456.3 459.7 499.4 480 553 480c9.2 0 17.5-5.5 21.2-14 3.6-8.5 1.9-18.3-4.4-25-.4-.3-22.5-24.1-37.8-54.8zm-392.8-92.3L122.1 305c-14.1 9.1-28.5 16.3-43.1 21.4 2.7-4.7 5.4-9.7 8-14.8l15.5-31.1L77.7 256C64.2 242.6 48 220.7 48 192c0-60.7 73.3-112 160-112s160 51.3 160 112-73.3 112-160 112c-16.5 0-33-1.9-49-5.6l-19.8-4.5zM498.3 352l-24.7 24.4 15.5 31.1c2.6 5.1 5.3 10.1 8 14.8-14.6-5.1-29-12.3-43.1-21.4l-17.1-11.1-19.9 4.6c-16 3.7-32.5 5.6-49 5.6-54 0-102.2-20.1-131.3-49.7C338 339.5 416 272.9 416 192c0-3.4-.4-6.7-.7-10C479.7 196.5 528 238.8 528 288c0 28.7-16.2 50.6-29.7 64z\"><\/path><\/svg>\t\t\t<\/span>\n\t\t\t\t\t\t\t\t\t<span class=\"elementor-button-text\">Voir les informations de contact<\/span>\n\t\t\t\t\t<\/span>\n\t\t\t\t\t<\/a>\n\t\t\t\t<\/div>\n\t\t\t\t\t\t\t\t<\/div>\n\t\t\t\t<\/div>\n\t\t\t\t<div class=\"elementor-element elementor-element-2f82b45 elementor-widget elementor-widget-menu-anchor\" data-id=\"2f82b45\" data-element_type=\"widget\" data-e-type=\"widget\" data-widget_type=\"menu-anchor.default\">\n\t\t\t\t<div class=\"elementor-widget-container\">\n\t\t\t\t\t\t\t<div class=\"elementor-menu-anchor\" id=\"contacts\"><\/div>\n\t\t\t\t\t\t<\/div>\n\t\t\t\t<\/div>\n\t\t\t\t<\/div>\n\t\t<div class=\"elementor-element elementor-element-719ce28 e-con-full e-flex e-con e-child\" data-id=\"719ce28\" data-element_type=\"container\" data-e-type=\"container\">\n\t\t\t\t<div class=\"elementor-element elementor-element-2f284e1 elementor-widget elementor-widget-image\" data-id=\"2f284e1\" data-element_type=\"widget\" data-e-type=\"widget\" data-widget_type=\"image.default\">\n\t\t\t\t<div class=\"elementor-widget-container\">\n\t\t\t\t\t\t\t\t\t\t\t\t\t\t\t<img fetchpriority=\"high\" decoding=\"async\" width=\"361\" height=\"364\" src=\"https:\/\/thunderhosting.com\/wp-content\/uploads\/2022\/11\/hosting-1.png\" class=\"attachment-full size-full wp-image-21740\" alt=\"\" \/>\t\t\t\t\t\t\t\t\t\t\t\t\t\t\t<\/div>\n\t\t\t\t<\/div>\n\t\t\t\t<\/div>\n\t\t\t\t\t<\/div>\n\t\t\t\t<\/div>\n\t\t<div class=\"elementor-element elementor-element-3eed16c e-flex e-con-boxed e-con e-parent\" data-id=\"3eed16c\" data-element_type=\"container\" data-e-type=\"container\" data-settings=\"{&quot;background_background&quot;:&quot;classic&quot;}\">\n\t\t\t\t\t<div class=\"e-con-inner\">\n\t\t<div class=\"elementor-element elementor-element-565ed08 e-con-full e-flex e-con e-child\" data-id=\"565ed08\" data-element_type=\"container\" data-e-type=\"container\" data-settings=\"{&quot;background_background&quot;:&quot;classic&quot;}\">\n\t\t\t\t<div class=\"elementor-element elementor-element-c7673d5 elementor-widget elementor-widget-hostim-icon\" data-id=\"c7673d5\" data-element_type=\"widget\" data-e-type=\"widget\" data-widget_type=\"hostim-icon.default\">\n\t\t\t\t<div class=\"elementor-widget-container\">\n\t\t\t\t\t\t\t<div class=\"elementor-icon-wrapper\">\r\n\t\t\t<a class=\"d-inline-flex align-items-center justify-content-center elementor-icon\" href=\"https:\/\/manager.thunderhosting.ch\/submitticket.php?step=2&#038;deptid=3\">\r\n\t\t\t<svg aria-hidden=\"true\" class=\"e-font-icon-svg e-fas-ticket-alt\" viewBox=\"0 0 576 512\" xmlns=\"http:\/\/www.w3.org\/2000\/svg\"><path d=\"M128 160h320v192H128V160zm400 96c0 26.51 21.49 48 48 48v96c0 26.51-21.49 48-48 48H48c-26.51 0-48-21.49-48-48v-96c26.51 0 48-21.49 48-48s-21.49-48-48-48v-96c0-26.51 21.49-48 48-48h480c26.51 0 48 21.49 48 48v96c-26.51 0-48 21.49-48 48zm-48-104c0-13.255-10.745-24-24-24H120c-13.255 0-24 10.745-24 24v208c0 13.255 10.745 24 24 24h336c13.255 0 24-10.745 24-24V152z\"><\/path><\/svg>\t\t\t<\/a>\r\n\t\t<\/div>\r\n\t\t\t\t\t\t<\/div>\n\t\t\t\t<\/div>\n\t\t\t\t<div class=\"elementor-element elementor-element-9c758bc elementor-widget elementor-widget-heading\" data-id=\"9c758bc\" data-element_type=\"widget\" data-e-type=\"widget\" data-widget_type=\"heading.default\">\n\t\t\t\t<div class=\"elementor-widget-container\">\n\t\t\t\t\t<h2 class=\"elementor-heading-title elementor-size-default\"><a href=\"https:\/\/manager.thunderhosting.ch\/submitticket.php?step=2&#038;deptid=3\">Ticket de support<\/a><\/h2>\t\t\t\t<\/div>\n\t\t\t\t<\/div>\n\t\t\t\t<div class=\"elementor-element elementor-element-ddf069f elementor-widget elementor-widget-heading\" data-id=\"ddf069f\" data-element_type=\"widget\" data-e-type=\"widget\" data-widget_type=\"heading.default\">\n\t\t\t\t<div class=\"elementor-widget-container\">\n\t\t\t\t\t<p class=\"elementor-heading-title elementor-size-default\"><a href=\"https:\/\/manager.thunderhosting.ch\/submitticket.php?step=2&#038;deptid=3\">Ouvrir un ticket<\/a><\/p>\t\t\t\t<\/div>\n\t\t\t\t<\/div>\n\t\t\t\t<\/div>\n\t\t<div class=\"elementor-element elementor-element-380c06f e-con-full e-flex e-con e-child\" data-id=\"380c06f\" data-element_type=\"container\" data-e-type=\"container\" data-settings=\"{&quot;background_background&quot;:&quot;classic&quot;}\">\n\t\t\t\t<div class=\"elementor-element elementor-element-54e3076 elementor-widget elementor-widget-hostim-icon\" data-id=\"54e3076\" data-element_type=\"widget\" data-e-type=\"widget\" data-widget_type=\"hostim-icon.default\">\n\t\t\t\t<div class=\"elementor-widget-container\">\n\t\t\t\t\t\t\t<div class=\"elementor-icon-wrapper\">\r\n\t\t\t<div class=\"d-inline-flex align-items-center justify-content-center elementor-icon\">\r\n\t\t\t<svg aria-hidden=\"true\" class=\"e-font-icon-svg e-fas-at\" viewBox=\"0 0 512 512\" xmlns=\"http:\/\/www.w3.org\/2000\/svg\"><path d=\"M256 8C118.941 8 8 118.919 8 256c0 137.059 110.919 248 248 248 48.154 0 95.342-14.14 135.408-40.223 12.005-7.815 14.625-24.288 5.552-35.372l-10.177-12.433c-7.671-9.371-21.179-11.667-31.373-5.129C325.92 429.757 291.314 440 256 440c-101.458 0-184-82.542-184-184S154.542 72 256 72c100.139 0 184 57.619 184 160 0 38.786-21.093 79.742-58.17 83.693-17.349-.454-16.91-12.857-13.476-30.024l23.433-121.11C394.653 149.75 383.308 136 368.225 136h-44.981a13.518 13.518 0 0 0-13.432 11.993l-.01.092c-14.697-17.901-40.448-21.775-59.971-21.775-74.58 0-137.831 62.234-137.831 151.46 0 65.303 36.785 105.87 96 105.87 26.984 0 57.369-15.637 74.991-38.333 9.522 34.104 40.613 34.103 70.71 34.103C462.609 379.41 504 307.798 504 232 504 95.653 394.023 8 256 8zm-21.68 304.43c-22.249 0-36.07-15.623-36.07-40.771 0-44.993 30.779-72.729 58.63-72.729 22.292 0 35.601 15.241 35.601 40.77 0 45.061-33.875 72.73-58.161 72.73z\"><\/path><\/svg>\t\t\t<\/div>\r\n\t\t<\/div>\r\n\t\t\t\t\t\t<\/div>\n\t\t\t\t<\/div>\n\t\t\t\t<div class=\"elementor-element elementor-element-ee6466f elementor-widget elementor-widget-heading\" data-id=\"ee6466f\" data-element_type=\"widget\" data-e-type=\"widget\" data-widget_type=\"heading.default\">\n\t\t\t\t<div class=\"elementor-widget-container\">\n\t\t\t\t\t<h2 class=\"elementor-heading-title elementor-size-default\">Envoyez-nous un e-mail<\/h2>\t\t\t\t<\/div>\n\t\t\t\t<\/div>\n\t\t\t\t<div class=\"elementor-element elementor-element-cc4923c elementor-widget elementor-widget-heading\" data-id=\"cc4923c\" data-element_type=\"widget\" data-e-type=\"widget\" data-widget_type=\"heading.default\">\n\t\t\t\t<div class=\"elementor-widget-container\">\n\t\t\t\t\t<p class=\"elementor-heading-title elementor-size-default\"><a href=\"mailto:support@thunderhosting.com\">info@thunderhosting.com<\/a><\/p>\t\t\t\t<\/div>\n\t\t\t\t<\/div>\n\t\t\t\t<\/div>\n\t\t<div class=\"elementor-element elementor-element-7a4f4cb e-con-full e-flex e-con e-child\" data-id=\"7a4f4cb\" data-element_type=\"container\" data-e-type=\"container\" data-settings=\"{&quot;background_background&quot;:&quot;classic&quot;}\">\n\t\t\t\t<div class=\"elementor-element elementor-element-89eef87 elementor-widget elementor-widget-hostim-icon\" data-id=\"89eef87\" data-element_type=\"widget\" data-e-type=\"widget\" data-widget_type=\"hostim-icon.default\">\n\t\t\t\t<div class=\"elementor-widget-container\">\n\t\t\t\t\t\t\t<div class=\"elementor-icon-wrapper\">\r\n\t\t\t<a class=\"d-inline-flex align-items-center justify-content-center elementor-icon\" href=\"https:\/\/thunder.li\/discord\">\r\n\t\t\t<svg aria-hidden=\"true\" class=\"e-font-icon-svg e-fab-discord\" viewBox=\"0 0 448 512\" xmlns=\"http:\/\/www.w3.org\/2000\/svg\"><path d=\"M297.216 243.2c0 15.616-11.52 28.416-26.112 28.416-14.336 0-26.112-12.8-26.112-28.416s11.52-28.416 26.112-28.416c14.592 0 26.112 12.8 26.112 28.416zm-119.552-28.416c-14.592 0-26.112 12.8-26.112 28.416s11.776 28.416 26.112 28.416c14.592 0 26.112-12.8 26.112-28.416.256-15.616-11.52-28.416-26.112-28.416zM448 52.736V512c-64.494-56.994-43.868-38.128-118.784-107.776l13.568 47.36H52.48C23.552 451.584 0 428.032 0 398.848V52.736C0 23.552 23.552 0 52.48 0h343.04C424.448 0 448 23.552 448 52.736zm-72.96 242.688c0-82.432-36.864-149.248-36.864-149.248-36.864-27.648-71.936-26.88-71.936-26.88l-3.584 4.096c43.52 13.312 63.744 32.512 63.744 32.512-60.811-33.329-132.244-33.335-191.232-7.424-9.472 4.352-15.104 7.424-15.104 7.424s21.248-20.224 67.328-33.536l-2.56-3.072s-35.072-.768-71.936 26.88c0 0-36.864 66.816-36.864 149.248 0 0 21.504 37.12 78.08 38.912 0 0 9.472-11.52 17.152-21.248-32.512-9.728-44.8-30.208-44.8-30.208 3.766 2.636 9.976 6.053 10.496 6.4 43.21 24.198 104.588 32.126 159.744 8.96 8.96-3.328 18.944-8.192 29.44-15.104 0 0-12.8 20.992-46.336 30.464 7.68 9.728 16.896 20.736 16.896 20.736 56.576-1.792 78.336-38.912 78.336-38.912z\"><\/path><\/svg>\t\t\t<\/a>\r\n\t\t<\/div>\r\n\t\t\t\t\t\t<\/div>\n\t\t\t\t<\/div>\n\t\t\t\t<div class=\"elementor-element elementor-element-85e6761 elementor-widget elementor-widget-heading\" data-id=\"85e6761\" data-element_type=\"widget\" data-e-type=\"widget\" data-widget_type=\"heading.default\">\n\t\t\t\t<div class=\"elementor-widget-container\">\n\t\t\t\t\t<h2 class=\"elementor-heading-title elementor-size-default\"><a href=\"https:\/\/go.thunderhosting.cloud\/discord\">Serveur Discord<\/a><\/h2>\t\t\t\t<\/div>\n\t\t\t\t<\/div>\n\t\t\t\t<div class=\"elementor-element elementor-element-8ae4be1 elementor-widget elementor-widget-heading\" data-id=\"8ae4be1\" data-element_type=\"widget\" data-e-type=\"widget\" data-widget_type=\"heading.default\">\n\t\t\t\t<div class=\"elementor-widget-container\">\n\t\t\t\t\t<p class=\"elementor-heading-title elementor-size-default\"><a href=\"https:\/\/thunder.li\/discord\">Rejoindre maintenant<\/a><\/p>\t\t\t\t<\/div>\n\t\t\t\t<\/div>\n\t\t\t\t<\/div>\n\t\t\t\t\t<\/div>\n\t\t\t\t<\/div>\n\t\t<div class=\"elementor-element elementor-element-a134315 elementor-hidden-desktop elementor-hidden-tablet elementor-hidden-mobile e-flex e-con-boxed e-con e-parent\" data-id=\"a134315\" data-element_type=\"container\" data-e-type=\"container\" data-settings=\"{&quot;background_background&quot;:&quot;classic&quot;}\">\n\t\t\t\t\t<div class=\"e-con-inner\">\n\t\t<div class=\"elementor-element elementor-element-d77fc1f e-con-full e-flex e-con e-child\" data-id=\"d77fc1f\" data-element_type=\"container\" data-e-type=\"container\">\n\t\t\t\t<div class=\"elementor-element elementor-element-d536fb4 elementor-widget elementor-widget-heading\" data-id=\"d536fb4\" data-element_type=\"widget\" data-e-type=\"widget\" data-widget_type=\"heading.default\">\n\t\t\t\t<div class=\"elementor-widget-container\">\n\t\t\t\t\t<h2 class=\"elementor-heading-title elementor-size-default\">Nous sommes pr\u00eats \u00e0 vous aider<br> Envoyez-nous un message<\/h2>\t\t\t\t<\/div>\n\t\t\t\t<\/div>\n\t\t\t\t<div class=\"elementor-element elementor-element-6de124d elementor-widget elementor-widget-shortcode\" data-id=\"6de124d\" data-element_type=\"widget\" data-e-type=\"widget\" data-widget_type=\"shortcode.default\">\n\t\t\t\t<div class=\"elementor-widget-container\">\n\t\t\t\t\t\t\t<div class=\"elementor-shortcode\"><p class=\"wpcf7-contact-form-not-found\"><strong>Erreur\u00a0:<\/strong> Formulaire de contact non trouv\u00e9\u00a0!<\/p><\/div>\n\t\t\t\t\t\t<\/div>\n\t\t\t\t<\/div>\n\t\t\t\t<\/div>\n\t\t\t\t\t<\/div>\n\t\t\t\t<\/div>\n\t\t\t\t<\/div>\n\t\t","protected":false},"excerpt":{"rendered":"<p>Nous sommes l\u00e0 pour vous Notre \u00e9quipe enthousiaste et flexible se consacre \u00e0 vous offrir une exp\u00e9rience personnalis\u00e9e et adapt\u00e9e \u00e0 vos besoins uniques. Voir les informations de contact Ticket de support Ouvrir un ticket Envoyez-nous un e-mail info@thunderhosting.com Serveur Discord Rejoindre maintenant Nous sommes pr\u00eats \u00e0 vous aider Envoyez-nous un message<\/p>\n","protected":false},"author":1,"featured_media":0,"parent":0,"menu_order":0,"comment_status":"closed","ping_status":"closed","template":"elementor_header_footer","meta":{"footnotes":""},"class_list":["post-21744","page","type-page","status-publish","hentry"],"_links":{"self":[{"href":"https:\/\/thunderhosting.com\/fr\/wp-json\/wp\/v2\/pages\/21744","targetHints":{"allow":["GET"]}}],"collection":[{"href":"https:\/\/thunderhosting.com\/fr\/wp-json\/wp\/v2\/pages"}],"about":[{"href":"https:\/\/thunderhosting.com\/fr\/wp-json\/wp\/v2\/types\/page"}],"author":[{"embeddable":true,"href":"https:\/\/thunderhosting.com\/fr\/wp-json\/wp\/v2\/users\/1"}],"replies":[{"embeddable":true,"href":"https:\/\/thunderhosting.com\/fr\/wp-json\/wp\/v2\/comments?post=21744"}],"version-history":[{"count":2,"href":"https:\/\/thunderhosting.com\/fr\/wp-json\/wp\/v2\/pages\/21744\/revisions"}],"predecessor-version":[{"id":21747,"href":"https:\/\/thunderhosting.com\/fr\/wp-json\/wp\/v2\/pages\/21744\/revisions\/21747"}],"wp:attachment":[{"href":"https:\/\/thunderhosting.com\/fr\/wp-json\/wp\/v2\/media?parent=21744"}],"curies":[{"name":"wp","href":"https:\/\/api.w.org\/{rel}","templated":true}]}}