{"id":23154,"date":"2025-10-22T09:21:26","date_gmt":"2025-10-22T07:21:26","guid":{"rendered":"https:\/\/thunderhosting.com\/rechtliches\/allgemeine-geschaeftsbedingungen\/"},"modified":"2026-05-12T20:26:27","modified_gmt":"2026-05-12T18:26:27","slug":"allgemeine-geschaeftsbedingungen","status":"publish","type":"page","link":"https:\/\/thunderhosting.com\/de\/rechtliches\/allgemeine-geschaeftsbedingungen\/","title":{"rendered":"Allgemeine Gesch\u00e4ftsbedingungen"},"content":{"rendered":"\t\t<div data-elementor-type=\"wp-page\" data-elementor-id=\"23154\" class=\"elementor elementor-23154 elementor-20430\" data-elementor-post-type=\"page\">\n\t\t\t\t\t\t<section class=\"elementor-section elementor-top-section elementor-element elementor-element-2c4aaf98 elementor-section-boxed elementor-section-height-default elementor-section-height-default\" data-id=\"2c4aaf98\" data-element_type=\"section\" data-e-type=\"section\">\n\t\t\t\t\t\t<div class=\"elementor-container elementor-column-gap-default\">\n\t\t\t<div class=\"border_line border_line_column_1f7e6c3a\"><\/div>\t\t<div class=\"elementor-column elementor-col-100 elementor-top-column elementor-element elementor-element-1f7e6c3a\" data-id=\"1f7e6c3a\" data-element_type=\"column\" data-e-type=\"column\">\n\t\t\t<div class=\"elementor-widget-wrap elementor-element-populated\">\n\t\t\t\t\t\t<div class=\"elementor-element elementor-element-8e4cdc4 elementor-widget elementor-widget-text-editor\" data-id=\"8e4cdc4\" data-element_type=\"widget\" data-e-type=\"widget\" data-widget_type=\"text-editor.default\">\n\t\t\t\t<div class=\"elementor-widget-container\">\n\t\t\t\t\t\t\t\t\t<h2 data-start=\"186\" data-end=\"213\"><strong data-start=\"189\" data-end=\"213\">Allgemeine Gesch\u00e4ftsbedingungen<\/strong><\/h2>\n<p data-start=\"215\" data-end=\"251\"><strong data-start=\"215\" data-end=\"232\">Zuletzt aktualisiert:<\/strong> 23. Oktober 2025<\/p>\n<h3 data-start=\"253\" data-end=\"281\">1. Allgemeine Informationen<\/h3>\n<p data-start=\"282\" data-end=\"498\">Diese Allgemeinen Gesch\u00e4ftsbedingungen (\u201eAGB\u201c) regeln die Nutzung aller Produkte und Dienstleistungen (\u201eServices\u201c), die von <strong data-start=\"388\" data-end=\"406\">ThunderHosting<\/strong> (\u201ewir\u201c, \u201euns\u201c, \u201eunser\u201c) bereitgestellt werden.<br data-start=\"427\" data-end=\"430\">Durch die Nutzung unserer Services stimmen Sie (\u201eKunde\u201c, \u201eSie\u201c) diesen AGB zu.<\/p>\n<h3 data-start=\"500\" data-end=\"527\">2. Gerichtsstand<\/h3>\n<p data-start=\"528\" data-end=\"771\">ThunderHosting ist ein Unternehmen mit Sitz in der <strong data-start=\"565\" data-end=\"580\">Schweiz<\/strong>.<br data-start=\"581\" data-end=\"584\">Alle Rechtsbeziehungen, Vertr\u00e4ge und Streitigkeiten, die aus der Nutzung unserer Services entstehen, unterliegen ausschlie\u00dflich dem <strong data-start=\"698\" data-end=\"711\">Schweizer Recht<\/strong>, mit <strong data-start=\"718\" data-end=\"741\">Lugano, Schweiz<\/strong> als Gerichtsstand.<\/p>\n<h3 data-start=\"773\" data-end=\"799\">3. Art der Leistung<\/h3>\n<p data-start=\"800\" data-end=\"1047\">Sofern nicht ausdr\u00fccklich anders in einem schriftlichen Vertrag festgelegt, werden alle Services auf <strong data-start=\"889\" data-end=\"910\">Best-Effort-Basis<\/strong> erbracht.<br data-start=\"911\" data-end=\"914\">Das bedeutet, dass wir zwar bestrebt sind, einen zuverl\u00e4ssigen, hochwertigen Service bereitzustellen, jedoch keinen unterbrechungsfreien oder fehlerfreien Betrieb garantieren.<\/p>\n<h3 data-start=\"1049\" data-end=\"1067\">4. Haftung<\/h3>\n<p data-start=\"1068\" data-end=\"1109\">Soweit gesetzlich zul\u00e4ssig:<\/p>\n<ul data-start=\"1110\" data-end=\"1461\">\n<li data-start=\"1110\" data-end=\"1297\">\n<p data-start=\"1112\" data-end=\"1297\">Die Gesamthaftung von ThunderHosting, einschlie\u00dflich f\u00fcr direkte oder indirekte Sch\u00e4den, darf <strong data-start=\"1194\" data-end=\"1294\">den Gesamtbetrag nicht \u00fcberschreiten, den der Kunde im laufenden Kalenderjahr an ThunderHosting gezahlt hat<\/strong>.<\/p>\n<\/li>\n<li data-start=\"1298\" data-end=\"1461\">\n<p data-start=\"1300\" data-end=\"1461\">ThunderHosting ist <strong data-start=\"1318\" data-end=\"1332\">nicht haftbar<\/strong> f\u00fcr entgangenen Gewinn, Datenverlust oder sonstige Folgesch\u00e4den, die aus Ausfallzeiten, Serviceunterbrechungen oder Handlungen Dritter resultieren.<\/p>\n<\/li>\n<\/ul>\n<h3 data-start=\"1463\" data-end=\"1497\">5. Pflichten des Kunden<\/h3>\n<p data-start=\"1498\" data-end=\"1530\">Kunden sind verantwortlich f\u00fcr:<\/p>\n<ul data-start=\"1531\" data-end=\"1743\">\n<li data-start=\"1531\" data-end=\"1604\">\n<p data-start=\"1533\" data-end=\"1604\">Die Einhaltung aller anwendbaren Gesetze bei der Nutzung unserer Services sicherzustellen.<\/p>\n<\/li>\n<li data-start=\"1605\" data-end=\"1688\">\n<p data-start=\"1607\" data-end=\"1688\">Eigene Backups zu erstellen, sofern diese nicht ausdr\u00fccklich in ihrem Serviceplan enthalten sind.<\/p>\n<\/li>\n<li data-start=\"1689\" data-end=\"1743\">\n<p data-start=\"1691\" data-end=\"1743\">Ihre Zugangsdaten und Zugriffsinformationen zu sch\u00fctzen.<\/p>\n<\/li>\n<\/ul>\n<h3 data-start=\"1745\" data-end=\"1787\">6. Aussetzung oder K\u00fcndigung von Services<\/h3>\n<p data-start=\"1788\" data-end=\"1865\">Wir behalten uns das Recht vor, den Zugriff auf Services auszusetzen oder zu beenden, im Falle von:<\/p>\n<ul data-start=\"1866\" data-end=\"1979\">\n<li data-start=\"1866\" data-end=\"1895\">\n<p data-start=\"1868\" data-end=\"1895\">Versto\u00df gegen diese AGB,<\/p>\n<\/li>\n<li data-start=\"1896\" data-end=\"1922\">\n<p data-start=\"1898\" data-end=\"1922\">Missbrauch unserer Systeme,<\/p>\n<\/li>\n<li data-start=\"1923\" data-end=\"1948\">\n<p data-start=\"1925\" data-end=\"1948\">Nichtzahlung oder missbr\u00e4uchlicher Nutzung,<\/p>\n<\/li>\n<li data-start=\"1949\" data-end=\"1979\">\n<p data-start=\"1951\" data-end=\"1979\">rechtlichen oder sicherheitsrelevanten Gr\u00fcnden.<\/p>\n<\/li>\n<\/ul>\n<h3 data-start=\"1981\" data-end=\"2003\">7. \u00c4nderungen<\/h3>\n<p data-start=\"2004\" data-end=\"2145\">Wir k\u00f6nnen diese AGB von Zeit zu Zeit aktualisieren. Die fortgesetzte Nutzung unserer Services nach Inkrafttreten von \u00c4nderungen gilt als Zustimmung zu den neuen AGB. <\/p>\n<h3 data-start=\"2147\" data-end=\"2163\">8. Kontakt<\/h3>\n<p data-start=\"2164\" data-end=\"2284\">Bei Fragen oder rechtlichen Angelegenheiten:<br data-start=\"2195\" data-end=\"2198\"><strong data-start=\"2198\" data-end=\"2216\">ThunderHosting<\/strong><br data-start=\"2216\" data-end=\"2219\">E-Mail: [info<a class=\"decorated-link cursor-pointer\" rel=\"noopener\">@thunderhosting.com<\/a>]<br><\/p>\n<hr data-start=\"2286\" data-end=\"2289\">\n<h2 data-start=\"2291\" data-end=\"2312\"><strong data-start=\"2294\" data-end=\"2312\">Datenschutzerkl\u00e4rung<\/strong><\/h2>\n<p data-start=\"2314\" data-end=\"2350\"><strong data-start=\"2314\" data-end=\"2331\">Zuletzt aktualisiert:<\/strong> 23. Oktober 2025<\/p>\n<h3 data-start=\"2352\" data-end=\"2368\">1. Allgemeines<\/h3>\n<p data-start=\"2369\" data-end=\"2496\">ThunderHosting respektiert Ihre Privatsph\u00e4re und verarbeitet alle personenbezogenen Daten in \u00dcbereinstimmung mit den schweizerischen und EU-Datenschutzbestimmungen.<\/p>\n<h3 data-start=\"2498\" data-end=\"2532\">2. Datenspeicherung und -standort<\/h3>\n<p data-start=\"2533\" data-end=\"2818\">Kundendaten k\u00f6nnen in der <strong data-start=\"2578\" data-end=\"2616\">Schweiz und der Europ\u00e4ischen Union<\/strong> gespeichert und verarbeitet werden.<br data-start=\"2617\" data-end=\"2620\">Einige Datensicherungen oder Netzwerkdaten k\u00f6nnen \u2013 abh\u00e4ngig von Infrastruktur-Anbietern (z. B. Cloudflare, Hosting-Partnern und Backup-Systemen) \u2013 \u00fcber <strong data-start=\"2702\" data-end=\"2721\">andere L\u00e4nder<\/strong> geleitet werden oder dort vor\u00fcbergehend gespeichert werden.<\/p>\n<h3 data-start=\"2820\" data-end=\"2841\">3. Datenweitergabe<\/h3>\n<p data-start=\"2842\" data-end=\"2900\">Personenbezogene Daten d\u00fcrfen nur an <strong data-start=\"2875\" data-end=\"2892\">Dritte<\/strong> weitergegeben werden:<\/p>\n<ul data-start=\"2901\" data-end=\"3116\">\n<li data-start=\"2901\" data-end=\"3023\">\n<p data-start=\"2903\" data-end=\"3023\">Wenn dies zur Erbringung der angeforderten Services erforderlich ist (z. B. Zahlungsdienstleister, DNS-Anbieter, Content-Delivery-Netzwerke),<\/p>\n<\/li>\n<li data-start=\"3024\" data-end=\"3052\">\n<p data-start=\"3026\" data-end=\"3052\">Wenn dies gesetzlich vorgeschrieben ist, oder<\/p>\n<\/li>\n<li data-start=\"3053\" data-end=\"3116\">\n<p data-start=\"3055\" data-end=\"3116\">Wenn dies f\u00fcr den Betrieb und die Sicherheit unserer Systeme erforderlich ist.<\/p>\n<\/li>\n<\/ul>\n<p data-start=\"3118\" data-end=\"3220\">Alle solchen Dritten sind verpflichtet, Daten verantwortungsvoll und in \u00dcbereinstimmung mit den anwendbaren Gesetzen zu verarbeiten.<\/p>\n<h3 data-start=\"3222\" data-end=\"3270\">4. Nutzung von Cloudflare und externen Services<\/h3>\n<p data-start=\"3271\" data-end=\"3566\">Wir nutzen <strong data-start=\"3278\" data-end=\"3292\">Cloudflare<\/strong> und andere Infrastruktur-Anbieter, um unsere Services zu sch\u00fctzen, zu optimieren und bereitzustellen.<br data-start=\"3375\" data-end=\"3378\">Dies kann zu einer begrenzten Datenverarbeitung oder Weiterleitung \u00fcber Server f\u00fchren, die au\u00dferhalb der Schweiz oder der EU liegen.<br data-start=\"3486\" data-end=\"3489\">Eine solche Verarbeitung erfolgt gem\u00e4\u00df den Datenschutz- und Sicherheitsstandards von Cloudflare.<\/p>\n<h3 data-start=\"3568\" data-end=\"3592\">5. Rechte des Kunden<\/h3>\n<p data-start=\"3593\" data-end=\"3617\">Sie haben das Recht:<\/p>\n<ul data-start=\"3618\" data-end=\"3777\">\n<li data-start=\"3618\" data-end=\"3657\">\n<p data-start=\"3620\" data-end=\"3657\">Auskunft \u00fcber Ihre gespeicherten Daten zu verlangen,<\/p>\n<\/li>\n<li data-start=\"3658\" data-end=\"3721\">\n<p data-start=\"3660\" data-end=\"3721\">Berichtigung oder L\u00f6schung zu verlangen (soweit gesetzlich zul\u00e4ssig),<\/p>\n<\/li>\n<li data-start=\"3722\" data-end=\"3777\">\n<p data-start=\"3724\" data-end=\"3777\">Ihre Einwilligung zur Datenverarbeitung zu widerrufen, sofern anwendbar.<\/p>\n<\/li>\n<\/ul>\n<p data-start=\"3779\" data-end=\"3834\">Anfragen k\u00f6nnen an <a href=\"mailto:support@thunderhosting.com\">support@thunderhosting.com.<\/a> gesendet werden.<\/p>\n<h3 data-start=\"3836\" data-end=\"3859\">6. Aufbewahrung von Daten<\/h3>\n<p data-start=\"3860\" data-end=\"3991\">Daten werden nur so lange aufbewahrt, wie es zur Erbringung der Services, zur Erf\u00fcllung gesetzlicher Pflichten oder zur F\u00fchrung legitimer Gesch\u00e4ftsunterlagen erforderlich ist.<\/p>\n<h3 data-start=\"3993\" data-end=\"4010\">7. Sicherheit<\/h3>\n<p data-start=\"4011\" data-end=\"4207\">Wir setzen angemessene administrative, technische und physische Schutzma\u00dfnahmen ein, um Ihre Daten zu sch\u00fctzen.<br data-start=\"4103\" data-end=\"4106\">Allerdings ist kein System vollst\u00e4ndig sicher, und wir k\u00f6nnen keinen absoluten Schutz vor allen Risiken garantieren.<\/p>\n<h3 data-start=\"4209\" data-end=\"4232\">8. Aktualisierungen der Richtlinie<\/h3>\n<p data-start=\"4233\" data-end=\"4356\">Wir k\u00f6nnen diese Datenschutzerkl\u00e4rung jederzeit aktualisieren. Aktualisierungen werden auf unserer Website mit einem \u00fcberarbeiteten \u201eZuletzt aktualisiert\u201c-Datum ver\u00f6ffentlicht. <\/p>\t\t\t\t\t\t\t\t<\/div>\n\t\t\t\t<\/div>\n\t\t\t\t\t<\/div>\n\t\t<\/div>\n\t\t\t\t\t<\/div>\n\t\t<\/section>\n\t\t\t\t<\/div>\n\t\t","protected":false},"excerpt":{"rendered":"<p>Allgemeine Gesch\u00e4ftsbedingungen Zuletzt aktualisiert: 23. Oktober 2025 1. Allgemeine Informationen Diese Allgemeinen Gesch\u00e4ftsbedingungen (\u201eAGB\u201c) regeln die Nutzung aller Produkte und Dienstleistungen (\u201eServices\u201c), die von ThunderHosting (\u201ewir\u201c, \u201euns\u201c, \u201eunser\u201c) bereitgestellt werden.Durch die Nutzung unserer Services stimmen Sie (\u201eKunde\u201c, \u201eSie\u201c) diesen AGB zu. 2. Gerichtsstand ThunderHosting ist ein Unternehmen mit Sitz in der Schweiz.Alle Rechtsbeziehungen, Vertr\u00e4ge und [&hellip;]<\/p>\n","protected":false},"author":3,"featured_media":0,"parent":23120,"menu_order":0,"comment_status":"closed","ping_status":"closed","template":"elementor_header_footer","meta":{"footnotes":""},"class_list":["post-23154","page","type-page","status-publish","hentry"],"_links":{"self":[{"href":"https:\/\/thunderhosting.com\/de\/wp-json\/wp\/v2\/pages\/23154","targetHints":{"allow":["GET"]}}],"collection":[{"href":"https:\/\/thunderhosting.com\/de\/wp-json\/wp\/v2\/pages"}],"about":[{"href":"https:\/\/thunderhosting.com\/de\/wp-json\/wp\/v2\/types\/page"}],"author":[{"embeddable":true,"href":"https:\/\/thunderhosting.com\/de\/wp-json\/wp\/v2\/users\/3"}],"replies":[{"embeddable":true,"href":"https:\/\/thunderhosting.com\/de\/wp-json\/wp\/v2\/comments?post=23154"}],"version-history":[{"count":1,"href":"https:\/\/thunderhosting.com\/de\/wp-json\/wp\/v2\/pages\/23154\/revisions"}],"predecessor-version":[{"id":23155,"href":"https:\/\/thunderhosting.com\/de\/wp-json\/wp\/v2\/pages\/23154\/revisions\/23155"}],"up":[{"embeddable":true,"href":"https:\/\/thunderhosting.com\/de\/wp-json\/wp\/v2\/pages\/23120"}],"wp:attachment":[{"href":"https:\/\/thunderhosting.com\/de\/wp-json\/wp\/v2\/media?parent=23154"}],"curies":[{"name":"wp","href":"https:\/\/api.w.org\/{rel}","templated":true}]}}